{"id":1406,"date":"2020-12-02T21:04:09","date_gmt":"2020-12-02T21:04:09","guid":{"rendered":"https:\/\/www.godelius.com\/cases-connectivity-and-networks\/"},"modified":"2021-01-26T15:19:12","modified_gmt":"2021-01-26T20:19:12","slug":"cases-connectivity-and-networks","status":"publish","type":"page","link":"https:\/\/godelius.com\/es\/cases-connectivity-and-networks\/","title":{"rendered":"Casos &#8211; Conectividad y Redes"},"content":{"rendered":"<p><div class=\"fusion-fullwidth fullwidth-box fusion-builder-row-1 fusion-flex-container fusion-parallax-none nonhundred-percent-fullwidth non-hundred-percent-height-scrolling\" style=\"--awb-background-position:center bottom;--awb-border-radius-top-left:0px;--awb-border-radius-top-right:0px;--awb-border-radius-bottom-right:0px;--awb-border-radius-bottom-left:0px;--awb-padding-top:160px;--awb-padding-bottom:70px;--awb-background-image:url(&quot;https:\/\/godelius.com\/wp-content\/uploads\/2020\/11\/banner_conectivity.jpg&quot;);--awb-background-size:cover;--awb-flex-wrap:wrap;\" ><div class=\"fusion-builder-row fusion-row fusion-flex-align-items-flex-start fusion-flex-content-wrap\" style=\"max-width:1248px;margin-left: calc(-4% \/ 2 );margin-right: calc(-4% \/ 2 );\"><div class=\"fusion-layout-column fusion_builder_column fusion-builder-column-0 fusion_builder_column_2_3 2_3 fusion-flex-column\" style=\"--awb-bg-size:cover;--awb-width-large:66.666666666667%;--awb-margin-top-large:0px;--awb-spacing-right-large:2.88%;--awb-margin-bottom-large:20px;--awb-spacing-left-large:2.88%;--awb-width-medium:66.666666666667%;--awb-order-medium:0;--awb-spacing-right-medium:2.88%;--awb-spacing-left-medium:2.88%;--awb-width-small:100%;--awb-order-small:0;--awb-spacing-right-small:1.92%;--awb-spacing-left-small:1.92%;\"><div class=\"fusion-column-wrapper fusion-column-has-shadow fusion-flex-justify-content-flex-start fusion-content-layout-column\"><div class=\"fusion-text fusion-text-1\" style=\"--awb-text-color:#ffffff;\"><h1><span style=\"color: #ffffff;\"><b>Casos<\/b> <span style=\"font-size: 0.6em !important; font-weight: 100 !important;\">\/ <strong>Conectividad<\/strong> y Redes<\/span><\/span><\/h1>\n<p><span style=\"color: #ffffff;\">Cada proyecto se desarrolla especialmente de acuerdo con cada solicitud teniendo en cuenta todos los detalles y especificaciones individuales. Vea algunas de nuestras historias de \u00e9xito.<\/span><\/p>\n<\/div><div ><a class=\"fusion-button button-flat fusion-button-default-size button-custom fusion-button-default button-1 fusion-button-default-span fusion-button-default-type\" style=\"--button_accent_color:#afafaf;--button_accent_hover_color:#afafaf;--button_border_hover_color:rgba(120,4,4,0);--button_gradient_top_color:#ffffff;--button_gradient_bottom_color:#ffffff;--button_gradient_top_color_hover:#ffffff;--button_gradient_bottom_color_hover:#ffffff;\" target=\"_self\" href=\"https:\/\/godelius.com\/index.php\/solutions-and-services\/connectivity-and-network\/\"><i class=\"fa-angle-left fas awb-button__icon awb-button__icon--default button-icon-left\" aria-hidden=\"true\"><\/i><span class=\"fusion-button-text awb-button__text awb-button__text--default\">Volver a la p\u00e1gina de servicio<\/span><\/a><\/div><\/div><\/div><div class=\"fusion-layout-column fusion_builder_column fusion-builder-column-1 fusion_builder_column_1_3 1_3 fusion-flex-column fusion-flex-align-self-center\" style=\"--awb-bg-size:cover;--awb-width-large:33.333333333333%;--awb-margin-top-large:0px;--awb-spacing-right-large:5.76%;--awb-margin-bottom-large:20px;--awb-spacing-left-large:5.76%;--awb-width-medium:33.333333333333%;--awb-order-medium:0;--awb-spacing-right-medium:5.76%;--awb-spacing-left-medium:5.76%;--awb-width-small:100%;--awb-order-small:0;--awb-spacing-right-small:1.92%;--awb-spacing-left-small:1.92%;\"><div class=\"fusion-column-wrapper fusion-column-has-shadow fusion-flex-justify-content-flex-start fusion-content-layout-column\"><div class=\"fusion-image-element sm-text-align-center\" style=\"text-align:right;--awb-caption-title-font-family:var(--h2_typography-font-family);--awb-caption-title-font-weight:var(--h2_typography-font-weight);--awb-caption-title-font-style:var(--h2_typography-font-style);--awb-caption-title-size:var(--h2_typography-font-size);--awb-caption-title-transform:var(--h2_typography-text-transform);--awb-caption-title-line-height:var(--h2_typography-line-height);--awb-caption-title-letter-spacing:var(--h2_typography-letter-spacing);\"><span class=\" fusion-imageframe imageframe-none imageframe-1 hover-type-none\"><img decoding=\"async\" width=\"207\" height=\"200\" title=\"icone\" src=\"https:\/\/godelius.com\/wp-content\/uploads\/2020\/11\/icone.png\" alt class=\"img-responsive wp-image-1263\" srcset=\"https:\/\/godelius.com\/wp-content\/uploads\/2020\/11\/icone-200x193.png 200w, https:\/\/godelius.com\/wp-content\/uploads\/2020\/11\/icone.png 207w\" sizes=\"(max-width: 640px) 100vw, 207px\" \/><\/span><\/div><\/div><\/div><\/div><\/div><div class=\"fusion-fullwidth fullwidth-box fusion-builder-row-2 fusion-flex-container nonhundred-percent-fullwidth non-hundred-percent-height-scrolling\" style=\"--awb-border-radius-top-left:0px;--awb-border-radius-top-right:0px;--awb-border-radius-bottom-right:0px;--awb-border-radius-bottom-left:0px;--awb-padding-top:70px;--awb-padding-bottom:70px;--awb-flex-wrap:wrap;\" ><div class=\"fusion-builder-row fusion-row fusion-flex-align-items-flex-start fusion-flex-content-wrap\" style=\"max-width:1248px;margin-left: calc(-4% \/ 2 );margin-right: calc(-4% \/ 2 );\"><div class=\"fusion-layout-column fusion_builder_column fusion-builder-column-2 fusion_builder_column_1_1 1_1 fusion-flex-column\" style=\"--awb-bg-size:cover;--awb-width-large:100%;--awb-margin-top-large:0px;--awb-spacing-right-large:1.92%;--awb-margin-bottom-large:20px;--awb-spacing-left-large:1.92%;--awb-width-medium:100%;--awb-order-medium:0;--awb-spacing-right-medium:1.92%;--awb-spacing-left-medium:1.92%;--awb-width-small:100%;--awb-order-small:0;--awb-spacing-right-small:1.92%;--awb-spacing-left-small:1.92%;\"><div class=\"fusion-column-wrapper fusion-column-has-shadow fusion-flex-justify-content-flex-start fusion-content-layout-column\"><style type=\"text\/css\">.fusion-portfolio-wrapper#fusion-portfolio-1 .fusion-portfolio-content{  text-align: left; }<\/style><div class=\"fusion-recent-works fusion-portfolio-element fusion-portfolio fusion-portfolio-1 fusion-portfolio-grid fusion-portfolio-paging-infinite fusion-portfolio-three fusion-portfolio-unboxed fusion-portfolio-text fusion-portfolio-equal-heights fusion-portfolio-rollover lista-portfolio\" data-id=\"-rw-1\" data-columns=\"three\" id=\"lista-portfolio\"><style type=\"text\/css\">.fusion-portfolio-1 .fusion-portfolio-wrapper .fusion-col-spacing{padding:15px;}<\/style><div class=\"fusion-portfolio-wrapper\" id=\"fusion-portfolio-1\" data-picturesize=\"fixed\" data-pages=\"1\" style=\"margin:-15px;\"><article id=\"portfolio-1-post-1371\" class=\"fusion-portfolio-post conectividad-y-redes fusion-col-spacing post-1371\"><div class=\"fusion-portfolio-content-wrapper\" style=\"border:none;\"><span class=\"vcard rich-snippet-hidden\"><span class=\"fn\"><a href=\"https:\/\/godelius.com\/es\/author\/godelius-admin\/\" title=\"Posts by godelius-admin\" rel=\"author\">godelius-admin<\/a><\/span><\/span><span class=\"updated rich-snippet-hidden\">2020-12-21T10:43:59-05:00<\/span><div  class=\"fusion-image-wrapper fusion-image-size-fixed\" aria-haspopup=\"true\">\n\t\t\t\t<img decoding=\"async\" width=\"300\" height=\"214\" src=\"https:\/\/godelius.com\/wp-content\/uploads\/2020\/11\/Celulosa-Arauco-for-Ingenieria-y-Construccion-Sigdo-Koppers-ICSK-300x214.jpg\" class=\"attachment-portfolio-three size-portfolio-three wp-post-image\" alt=\"\" \/><div class=\"fusion-rollover\">\n\t<div class=\"fusion-rollover-content\">\n\n\t\t\t\t\n\t\t\n\t\t\t\t\t\t\t\t\t\t\t\t<h4 class=\"fusion-rollover-title\">\n\t\t\t\t\t<a class=\"fusion-rollover-title-link\" href=\"https:\/\/godelius.com\/es\/cases-godelius\/celulosa-arauco-for-ingenieria-y-construccion-sigdo-koppers-icsk\/?portfolioCats=37\">\n\t\t\t\t\t\tCelulosa Arauco para Ingenier\u00eda y Construcci\u00f3n Sigdo Koppers (ICSK), Chile\t\t\t\t\t<\/a>\n\t\t\t\t<\/h4>\n\t\t\t\n\t\t\t\t\t\t\t\t\n\t\t\n\t\t\t\t\t\t<a class=\"fusion-link-wrapper\" href=\"https:\/\/godelius.com\/es\/cases-godelius\/celulosa-arauco-for-ingenieria-y-construccion-sigdo-koppers-icsk\/?portfolioCats=37\" aria-label=\"Celulosa Arauco para Ingenier\u00eda y Construcci\u00f3n Sigdo Koppers (ICSK), Chile\"><\/a>\n\t<\/div>\n<\/div>\n<\/div>\n<div class=\"fusion-portfolio-content\"><h2 class=\"entry-title fusion-post-title\"><a href=\"https:\/\/godelius.com\/es\/cases-godelius\/celulosa-arauco-for-ingenieria-y-construccion-sigdo-koppers-icsk\/?portfolioCats=37\">Celulosa Arauco para Ingenier\u00eda y Construcci\u00f3n Sigdo Koppers (ICSK), Chile<\/a><\/h2><div class=\"fusion-post-content\"><p>El contrato adjudicado por Arauco a Ingenier\u00eda y Construcci\u00f3n Sigdo Koppers, consiste en la construcci\u00f3n y montaje de equipos para la captaci\u00f3n y tratamiento de los gases emitidos por las plantas Licancel, Constituci\u00f3n, Arauco y Valdivia. SK Godelius es el subcontratista responsable del dise\u00f1o, configuraci\u00f3n e implantaci\u00f3n de las redes de comunicaciones ligadas a este contrato. <a href=\"https:\/\/www.godelius.com\/es\/cases-godelius\/celulosa-arauco-for-ingenieria-y-construccion-sigdo-koppers-icsk\/?portfolioCats=37%2C36%2C39%2C38\">Conozca m\u00e1s<\/a><\/p><\/div><\/div><\/div><\/article><article id=\"portfolio-1-post-1373\" class=\"fusion-portfolio-post conectividad-y-redes fusion-col-spacing post-1373\"><div class=\"fusion-portfolio-content-wrapper\" style=\"border:none;\"><span class=\"vcard rich-snippet-hidden\"><span class=\"fn\"><a href=\"https:\/\/godelius.com\/es\/author\/godelius-admin\/\" title=\"Posts by godelius-admin\" rel=\"author\">godelius-admin<\/a><\/span><\/span><span class=\"updated rich-snippet-hidden\">2020-12-21T10:43:14-05:00<\/span><div  class=\"fusion-image-wrapper fusion-image-size-fixed\" aria-haspopup=\"true\">\n\t\t\t\t<img decoding=\"async\" width=\"300\" height=\"214\" src=\"https:\/\/godelius.com\/wp-content\/uploads\/2020\/11\/Connectivity-Codelco-Andina-for-Ingenieria-y-Construccion-Sigdo-Koppers-ICSK-1-300x214.jpg\" class=\"attachment-portfolio-three size-portfolio-three wp-post-image\" alt=\"SK Godelius - Global\" \/><div class=\"fusion-rollover\">\n\t<div class=\"fusion-rollover-content\">\n\n\t\t\t\t\n\t\t\n\t\t\t\t\t\t\t\t\t\t\t\t<h4 class=\"fusion-rollover-title\">\n\t\t\t\t\t<a class=\"fusion-rollover-title-link\" href=\"https:\/\/godelius.com\/es\/cases-godelius\/connectivity-codelco-andina-for-ingenieria-y-construccion-sigdo-koppers-icsk\/?portfolioCats=37\">\n\t\t\t\t\t\tConectividad y Redes: Codelco Andina para Ingenier\u00eda y Construcci\u00f3n Sigdo Koppers (ICSK), Chile\t\t\t\t\t<\/a>\n\t\t\t\t<\/h4>\n\t\t\t\n\t\t\t\t\t\t\t\t\n\t\t\n\t\t\t\t\t\t<a class=\"fusion-link-wrapper\" href=\"https:\/\/godelius.com\/es\/cases-godelius\/connectivity-codelco-andina-for-ingenieria-y-construccion-sigdo-koppers-icsk\/?portfolioCats=37\" aria-label=\"Conectividad y Redes: Codelco Andina para Ingenier\u00eda y Construcci\u00f3n Sigdo Koppers (ICSK), Chile\"><\/a>\n\t<\/div>\n<\/div>\n<\/div>\n<div class=\"fusion-portfolio-content\"><h2 class=\"entry-title fusion-post-title\"><a href=\"https:\/\/godelius.com\/es\/cases-godelius\/connectivity-codelco-andina-for-ingenieria-y-construccion-sigdo-koppers-icsk\/?portfolioCats=37\">Conectividad y Redes: Codelco Andina para Ingenier\u00eda y Construcci\u00f3n Sigdo Koppers (ICSK), Chile<\/a><\/h2><div class=\"fusion-post-content\"><p>La empresa Ingenier\u00eda y Construcci\u00f3n SIGDO KOPPERS, inici\u00f3 a comienzos del 2018 un contrato \u201cvertical\u201d en el proyecto \u201cNuevo Traspaso Rajo Planta\u201d por obras civiles y montaje de la correa regenerativa de 4 km de longitud. Adem\u00e1s, participa en el chancado primario, tolva 30 ton, chancador secundario, correa secundaria 4 unidades, obras de infraestructura nodo 3500, barrio c\u00edvico, taller de mantenci\u00f3n, PTAS, estanques, 8 salas el\u00e9ctricas, obras de drenaje, entre otros. <a href=\"https:\/\/www.godelius.com\/es\/cases-godelius\/connectivity-codelco-andina-for-ingenieria-y-construccion-sigdo-koppers-icsk\/?portfolioCats=37%2C36%2C39%2C38\">Conozca m\u00e1s<\/a><\/p><\/div><\/div><\/div><\/article><article id=\"portfolio-1-post-1375\" class=\"fusion-portfolio-post conectividad-y-redes fusion-col-spacing post-1375\"><div class=\"fusion-portfolio-content-wrapper\" style=\"border:none;\"><span class=\"vcard rich-snippet-hidden\"><span class=\"fn\"><a href=\"https:\/\/godelius.com\/es\/author\/godelius-admin\/\" title=\"Posts by godelius-admin\" rel=\"author\">godelius-admin<\/a><\/span><\/span><span class=\"updated rich-snippet-hidden\">2020-12-21T10:42:08-05:00<\/span><div  class=\"fusion-image-wrapper fusion-image-size-fixed\" aria-haspopup=\"true\">\n\t\t\t\t<img decoding=\"async\" width=\"300\" height=\"214\" src=\"https:\/\/godelius.com\/wp-content\/uploads\/2020\/11\/Port-QB2-300x214.jpg\" class=\"attachment-portfolio-three size-portfolio-three wp-post-image\" alt=\"SK Godelius - Global\" \/><div class=\"fusion-rollover\">\n\t<div class=\"fusion-rollover-content\">\n\n\t\t\t\t\n\t\t\n\t\t\t\t\t\t\t\t\t\t\t\t<h4 class=\"fusion-rollover-title\">\n\t\t\t\t\t<a class=\"fusion-rollover-title-link\" href=\"https:\/\/godelius.com\/es\/cases-godelius\/quebrada-blanca-mine-phase-2-concentration-plant-qb2-and-port\/?portfolioCats=37\">\n\t\t\t\t\t\tConectividad Quebrada Blanca 2 para SK COMSA, Puerto (QB2-Puerto), Chile\t\t\t\t\t<\/a>\n\t\t\t\t<\/h4>\n\t\t\t\n\t\t\t\t\t\t\t\t\n\t\t\n\t\t\t\t\t\t<a class=\"fusion-link-wrapper\" href=\"https:\/\/godelius.com\/es\/cases-godelius\/quebrada-blanca-mine-phase-2-concentration-plant-qb2-and-port\/?portfolioCats=37\" aria-label=\"Conectividad Quebrada Blanca 2 para SK COMSA, Puerto (QB2-Puerto), Chile\"><\/a>\n\t<\/div>\n<\/div>\n<\/div>\n<div class=\"fusion-portfolio-content\"><h2 class=\"entry-title fusion-post-title\"><a href=\"https:\/\/godelius.com\/es\/cases-godelius\/quebrada-blanca-mine-phase-2-concentration-plant-qb2-and-port\/?portfolioCats=37\">Conectividad Quebrada Blanca 2 para SK COMSA, Puerto (QB2-Puerto), Chile<\/a><\/h2><div class=\"fusion-post-content\"><p>SK COMSA filial del grupo SIGDO KOPPERS logra adjudicarse la construcci\u00f3n de las obras mar\u00edtimas del contrato de Quebrada Blanca 2, incluyendo como principales trabajos la construcci\u00f3n y montaje del muelle para carga de concentrado y suministro de agua, correa transportadora y de los sistemas de amarre para barcos, suministro y descarga de agua de mar para la planta desaladora, redes utilitarias, y el\u00e9ctrico y de control. <a href=\"https:\/\/www.godelius.com\/es\/cases-godelius\/quebrada-blanca-mine-phase-2-concentration-plant-qb2-and-port\/?portfolioCats=37%2C36%2C39%2C38\">Conozca m\u00e1s<\/a><\/p><\/div><\/div><\/div><\/article><\/div><\/div><\/div><\/div><\/div><\/div><\/p>\n","protected":false},"excerpt":{"rendered":"","protected":false},"author":1,"featured_media":0,"parent":0,"menu_order":0,"comment_status":"closed","ping_status":"closed","template":"100-width.php","meta":{"footnotes":""},"class_list":["post-1406","page","type-page","status-publish","hentry"],"yoast_head":"<!-- This site is optimized with the Yoast SEO plugin v27.4 - https:\/\/yoast.com\/product\/yoast-seo-wordpress\/ -->\n<title>Casos - Conectividad y Redes - SK Godelius<\/title>\n<meta name=\"description\" content=\"Conectividad y Redes: El dise\u00f1o, la configuraci\u00f3n y la construcci\u00f3n de redes de comunicaciones es una capa fundamental dentro de los proyectos y servicios de SK Godelius. Somos especialistas en desarrollar y ejecutar proyectos del concepto al dise\u00f1o, de la cobertura, Monitoreo (NOC), Integraci\u00f3n ascendente.\" \/>\n<meta name=\"robots\" content=\"index, follow, max-snippet:-1, max-image-preview:large, max-video-preview:-1\" \/>\n<link rel=\"canonical\" href=\"https:\/\/godelius.com\/es\/cases-connectivity-and-networks\/\" \/>\n<meta property=\"og:locale\" content=\"es_ES\" \/>\n<meta property=\"og:type\" content=\"article\" \/>\n<meta property=\"og:title\" content=\"Casos - Conectividad y Redes - SK Godelius\" \/>\n<meta property=\"og:description\" content=\"Conectividad y Redes: El dise\u00f1o, la configuraci\u00f3n y la construcci\u00f3n de redes de comunicaciones es una capa fundamental dentro de los proyectos y servicios de SK Godelius. Somos especialistas en desarrollar y ejecutar proyectos del concepto al dise\u00f1o, de la cobertura, Monitoreo (NOC), Integraci\u00f3n ascendente.\" \/>\n<meta property=\"og:url\" content=\"https:\/\/godelius.com\/es\/cases-connectivity-and-networks\/\" \/>\n<meta property=\"og:site_name\" content=\"SK Godelius\" \/>\n<meta property=\"article:modified_time\" content=\"2021-01-26T20:19:12+00:00\" \/>\n<meta name=\"twitter:card\" content=\"summary_large_image\" \/>\n<meta name=\"twitter:site\" content=\"@godelius\" \/>\n<meta name=\"twitter:label1\" content=\"Est. reading time\" \/>\n\t<meta name=\"twitter:data1\" content=\"7 minutes\" \/>\n<script type=\"application\/ld+json\" class=\"yoast-schema-graph\">{\"@context\":\"https:\\\/\\\/schema.org\",\"@graph\":[{\"@type\":\"WebPage\",\"@id\":\"https:\\\/\\\/godelius.com\\\/es\\\/cases-connectivity-and-networks\\\/\",\"url\":\"https:\\\/\\\/godelius.com\\\/es\\\/cases-connectivity-and-networks\\\/\",\"name\":\"Casos - Conectividad y Redes - SK Godelius\",\"isPartOf\":{\"@id\":\"https:\\\/\\\/godelius.com\\\/es\\\/#website\"},\"datePublished\":\"2020-12-02T21:04:09+00:00\",\"dateModified\":\"2021-01-26T20:19:12+00:00\",\"description\":\"Conectividad y Redes: El dise\u00f1o, la configuraci\u00f3n y la construcci\u00f3n de redes de comunicaciones es una capa fundamental dentro de los proyectos y servicios de SK Godelius. Somos especialistas en desarrollar y ejecutar proyectos del concepto al dise\u00f1o, de la cobertura, Monitoreo (NOC), Integraci\u00f3n ascendente.\",\"breadcrumb\":{\"@id\":\"https:\\\/\\\/godelius.com\\\/es\\\/cases-connectivity-and-networks\\\/#breadcrumb\"},\"inLanguage\":\"es-ES\",\"potentialAction\":[{\"@type\":\"ReadAction\",\"target\":[\"https:\\\/\\\/godelius.com\\\/es\\\/cases-connectivity-and-networks\\\/\"]}]},{\"@type\":\"BreadcrumbList\",\"@id\":\"https:\\\/\\\/godelius.com\\\/es\\\/cases-connectivity-and-networks\\\/#breadcrumb\",\"itemListElement\":[{\"@type\":\"ListItem\",\"position\":1,\"name\":\"Home\",\"item\":\"https:\\\/\\\/godelius.com\\\/es\\\/\"},{\"@type\":\"ListItem\",\"position\":2,\"name\":\"Casos &#8211; Conectividad y Redes\"}]},{\"@type\":\"WebSite\",\"@id\":\"https:\\\/\\\/godelius.com\\\/es\\\/#website\",\"url\":\"https:\\\/\\\/godelius.com\\\/es\\\/\",\"name\":\"SK Godelius\",\"description\":\"Tobust technological foundation to ensure its usability, security, and continuity in Remote Operation.\",\"publisher\":{\"@id\":\"https:\\\/\\\/godelius.com\\\/es\\\/#organization\"},\"potentialAction\":[{\"@type\":\"SearchAction\",\"target\":{\"@type\":\"EntryPoint\",\"urlTemplate\":\"https:\\\/\\\/godelius.com\\\/es\\\/?s={search_term_string}\"},\"query-input\":{\"@type\":\"PropertyValueSpecification\",\"valueRequired\":true,\"valueName\":\"search_term_string\"}}],\"inLanguage\":\"es-ES\"},{\"@type\":\"Organization\",\"@id\":\"https:\\\/\\\/godelius.com\\\/es\\\/#organization\",\"name\":\"SK Godellius\",\"url\":\"https:\\\/\\\/godelius.com\\\/es\\\/\",\"logo\":{\"@type\":\"ImageObject\",\"inLanguage\":\"es-ES\",\"@id\":\"https:\\\/\\\/godelius.com\\\/es\\\/#\\\/schema\\\/logo\\\/image\\\/\",\"url\":\"https:\\\/\\\/i0.wp.com\\\/godelius.com\\\/wp-content\\\/uploads\\\/2020\\\/12\\\/godelius_brand.png?fit=400%2C89&ssl=1\",\"contentUrl\":\"https:\\\/\\\/i0.wp.com\\\/godelius.com\\\/wp-content\\\/uploads\\\/2020\\\/12\\\/godelius_brand.png?fit=400%2C89&ssl=1\",\"width\":400,\"height\":89,\"caption\":\"SK Godellius\"},\"image\":{\"@id\":\"https:\\\/\\\/godelius.com\\\/es\\\/#\\\/schema\\\/logo\\\/image\\\/\"},\"sameAs\":[\"https:\\\/\\\/x.com\\\/godelius\",\"https:\\\/\\\/www.linkedin.com\\\/company\\\/52140225\\\/\",\"https:\\\/\\\/www.youtube.com\\\/channel\\\/UCZ5zJ3qcb-ffPCb2sHz9QIw\"]}]}<\/script>\n<!-- \/ Yoast SEO plugin. -->","yoast_head_json":{"title":"Casos - Conectividad y Redes - SK Godelius","description":"Conectividad y Redes: El dise\u00f1o, la configuraci\u00f3n y la construcci\u00f3n de redes de comunicaciones es una capa fundamental dentro de los proyectos y servicios de SK Godelius. Somos especialistas en desarrollar y ejecutar proyectos del concepto al dise\u00f1o, de la cobertura, Monitoreo (NOC), Integraci\u00f3n ascendente.","robots":{"index":"index","follow":"follow","max-snippet":"max-snippet:-1","max-image-preview":"max-image-preview:large","max-video-preview":"max-video-preview:-1"},"canonical":"https:\/\/godelius.com\/es\/cases-connectivity-and-networks\/","og_locale":"es_ES","og_type":"article","og_title":"Casos - Conectividad y Redes - SK Godelius","og_description":"Conectividad y Redes: El dise\u00f1o, la configuraci\u00f3n y la construcci\u00f3n de redes de comunicaciones es una capa fundamental dentro de los proyectos y servicios de SK Godelius. Somos especialistas en desarrollar y ejecutar proyectos del concepto al dise\u00f1o, de la cobertura, Monitoreo (NOC), Integraci\u00f3n ascendente.","og_url":"https:\/\/godelius.com\/es\/cases-connectivity-and-networks\/","og_site_name":"SK Godelius","article_modified_time":"2021-01-26T20:19:12+00:00","twitter_card":"summary_large_image","twitter_site":"@godelius","twitter_misc":{"Est. reading time":"7 minutes"},"schema":{"@context":"https:\/\/schema.org","@graph":[{"@type":"WebPage","@id":"https:\/\/godelius.com\/es\/cases-connectivity-and-networks\/","url":"https:\/\/godelius.com\/es\/cases-connectivity-and-networks\/","name":"Casos - Conectividad y Redes - SK Godelius","isPartOf":{"@id":"https:\/\/godelius.com\/es\/#website"},"datePublished":"2020-12-02T21:04:09+00:00","dateModified":"2021-01-26T20:19:12+00:00","description":"Conectividad y Redes: El dise\u00f1o, la configuraci\u00f3n y la construcci\u00f3n de redes de comunicaciones es una capa fundamental dentro de los proyectos y servicios de SK Godelius. Somos especialistas en desarrollar y ejecutar proyectos del concepto al dise\u00f1o, de la cobertura, Monitoreo (NOC), Integraci\u00f3n ascendente.","breadcrumb":{"@id":"https:\/\/godelius.com\/es\/cases-connectivity-and-networks\/#breadcrumb"},"inLanguage":"es-ES","potentialAction":[{"@type":"ReadAction","target":["https:\/\/godelius.com\/es\/cases-connectivity-and-networks\/"]}]},{"@type":"BreadcrumbList","@id":"https:\/\/godelius.com\/es\/cases-connectivity-and-networks\/#breadcrumb","itemListElement":[{"@type":"ListItem","position":1,"name":"Home","item":"https:\/\/godelius.com\/es\/"},{"@type":"ListItem","position":2,"name":"Casos &#8211; Conectividad y Redes"}]},{"@type":"WebSite","@id":"https:\/\/godelius.com\/es\/#website","url":"https:\/\/godelius.com\/es\/","name":"SK Godelius","description":"Tobust technological foundation to ensure its usability, security, and continuity in Remote Operation.","publisher":{"@id":"https:\/\/godelius.com\/es\/#organization"},"potentialAction":[{"@type":"SearchAction","target":{"@type":"EntryPoint","urlTemplate":"https:\/\/godelius.com\/es\/?s={search_term_string}"},"query-input":{"@type":"PropertyValueSpecification","valueRequired":true,"valueName":"search_term_string"}}],"inLanguage":"es-ES"},{"@type":"Organization","@id":"https:\/\/godelius.com\/es\/#organization","name":"SK Godellius","url":"https:\/\/godelius.com\/es\/","logo":{"@type":"ImageObject","inLanguage":"es-ES","@id":"https:\/\/godelius.com\/es\/#\/schema\/logo\/image\/","url":"https:\/\/i0.wp.com\/godelius.com\/wp-content\/uploads\/2020\/12\/godelius_brand.png?fit=400%2C89&ssl=1","contentUrl":"https:\/\/i0.wp.com\/godelius.com\/wp-content\/uploads\/2020\/12\/godelius_brand.png?fit=400%2C89&ssl=1","width":400,"height":89,"caption":"SK Godellius"},"image":{"@id":"https:\/\/godelius.com\/es\/#\/schema\/logo\/image\/"},"sameAs":["https:\/\/x.com\/godelius","https:\/\/www.linkedin.com\/company\/52140225\/","https:\/\/www.youtube.com\/channel\/UCZ5zJ3qcb-ffPCb2sHz9QIw"]}]}},"_links":{"self":[{"href":"https:\/\/godelius.com\/es\/wp-json\/wp\/v2\/pages\/1406","targetHints":{"allow":["GET"]}}],"collection":[{"href":"https:\/\/godelius.com\/es\/wp-json\/wp\/v2\/pages"}],"about":[{"href":"https:\/\/godelius.com\/es\/wp-json\/wp\/v2\/types\/page"}],"author":[{"embeddable":true,"href":"https:\/\/godelius.com\/es\/wp-json\/wp\/v2\/users\/1"}],"replies":[{"embeddable":true,"href":"https:\/\/godelius.com\/es\/wp-json\/wp\/v2\/comments?post=1406"}],"version-history":[{"count":4,"href":"https:\/\/godelius.com\/es\/wp-json\/wp\/v2\/pages\/1406\/revisions"}],"predecessor-version":[{"id":1634,"href":"https:\/\/godelius.com\/es\/wp-json\/wp\/v2\/pages\/1406\/revisions\/1634"}],"wp:attachment":[{"href":"https:\/\/godelius.com\/es\/wp-json\/wp\/v2\/media?parent=1406"}],"curies":[{"name":"wp","href":"https:\/\/api.w.org\/{rel}","templated":true}]}}